{"id":1708,"date":"2026-04-01T15:34:08","date_gmt":"2026-04-01T21:34:08","guid":{"rendered":"https:\/\/sbarq.mx\/wordpress\/?page_id=1708"},"modified":"2026-04-01T15:51:33","modified_gmt":"2026-04-01T21:51:33","slug":"casa-vemi","status":"publish","type":"page","link":"https:\/\/sbarq.mx\/wordpress\/casa-vemi\/","title":{"rendered":"Casa Vemi"},"content":{"rendered":"<p><img fetchpriority=\"high\" decoding=\"async\" width=\"1024\" height=\"683\" src=\"https:\/\/sbarq.mx\/wordpress\/wp-content\/uploads\/2026\/03\/DSC04629-1024x683.jpg\" alt=\"Casa Vemi\" srcset=\"https:\/\/sbarq.mx\/wordpress\/wp-content\/uploads\/2026\/03\/DSC04629-1024x683.jpg 1024w, https:\/\/sbarq.mx\/wordpress\/wp-content\/uploads\/2026\/03\/DSC04629-300x200.jpg 300w, https:\/\/sbarq.mx\/wordpress\/wp-content\/uploads\/2026\/03\/DSC04629-768x512.jpg 768w, https:\/\/sbarq.mx\/wordpress\/wp-content\/uploads\/2026\/03\/DSC04629-1536x1024.jpg 1536w, https:\/\/sbarq.mx\/wordpress\/wp-content\/uploads\/2026\/03\/DSC04629-2048x1365.jpg 2048w\" sizes=\"(max-width: 1024px) 100vw, 1024px\" \/>\t\t\t\t\t\t\t\t\t\t\t\t\t\t\t<\/p>\n<h2>Casa Vemi<\/h2>\n<p>Proyecto residencial que integra estrategias de dise\u00f1o pasivo, aprovechamiento de luz natural y ventilaci\u00f3n cruzada para mejorar el confort t\u00e9rmico y reducir el consumo energ\u00e9tico.\u00a0<\/p>\n<p>Ubicaci\u00f3n: Tlaquiltenango, Morelos, M\u00e9xico<\/p>\n<p>A\u00f1o: 2018<\/p>\n<p>Terreno: 1,250 m2<\/p>\n<p>Superficie: 537.00 m2<\/p>\n","protected":false},"excerpt":{"rendered":"<p>Casa Vemi Proyecto residencial que integra estrategias de dise\u00f1o pasivo, aprovechamiento de luz natural y ventilaci\u00f3n cruzada para mejorar el confort t\u00e9rmico y reducir el consumo energ\u00e9tico.\u00a0 Ubicaci\u00f3n: Tlaquiltenango, Morelos, M\u00e9xico A\u00f1o: 2018 Terreno: 1,250 m2 Superficie: 537.00 m2<\/p>\n","protected":false},"author":1,"featured_media":1597,"parent":0,"menu_order":0,"comment_status":"closed","ping_status":"closed","template":"","meta":{"site-sidebar-layout":"no-sidebar","site-content-layout":"page-builder","ast-site-content-layout":"full-width-container","site-content-style":"default","site-sidebar-style":"default","ast-global-header-display":"","ast-banner-title-visibility":"","ast-main-header-display":"","ast-hfb-above-header-display":"","ast-hfb-below-header-display":"","ast-hfb-mobile-header-display":"","site-post-title":"","ast-breadcrumbs-content":"","ast-featured-img":"disabled","footer-sml-layout":"","ast-disable-related-posts":"","theme-transparent-header-meta":"","adv-header-id-meta":"","stick-header-meta":"","header-above-stick-meta":"","header-main-stick-meta":"","header-below-stick-meta":"","astra-migrate-meta-layouts":"set","ast-page-background-enabled":"default","ast-page-background-meta":{"desktop":{"background-color":"","background-image":"","background-repeat":"repeat","background-position":"center center","background-size":"auto","background-attachment":"scroll","background-type":"","background-media":"","overlay-type":"","overlay-color":"","overlay-opacity":"","overlay-gradient":""},"tablet":{"background-color":"","background-image":"","background-repeat":"repeat","background-position":"center center","background-size":"auto","background-attachment":"scroll","background-type":"","background-media":"","overlay-type":"","overlay-color":"","overlay-opacity":"","overlay-gradient":""},"mobile":{"background-color":"","background-image":"","background-repeat":"repeat","background-position":"center center","background-size":"auto","background-attachment":"scroll","background-type":"","background-media":"","overlay-type":"","overlay-color":"","overlay-opacity":"","overlay-gradient":""}},"ast-content-background-meta":{"desktop":{"background-color":"var(--ast-global-color-5)","background-image":"","background-repeat":"repeat","background-position":"center center","background-size":"auto","background-attachment":"scroll","background-type":"","background-media":"","overlay-type":"","overlay-color":"","overlay-opacity":"","overlay-gradient":""},"tablet":{"background-color":"var(--ast-global-color-5)","background-image":"","background-repeat":"repeat","background-position":"center center","background-size":"auto","background-attachment":"scroll","background-type":"","background-media":"","overlay-type":"","overlay-color":"","overlay-opacity":"","overlay-gradient":""},"mobile":{"background-color":"var(--ast-global-color-5)","background-image":"","background-repeat":"repeat","background-position":"center center","background-size":"auto","background-attachment":"scroll","background-type":"","background-media":"","overlay-type":"","overlay-color":"","overlay-opacity":"","overlay-gradient":""}},"footnotes":""},"class_list":["post-1708","page","type-page","status-publish","has-post-thumbnail","hentry"],"yoast_head":"<!-- This site is optimized with the Yoast SEO plugin v27.1.1 - https:\/\/yoast.com\/product\/yoast-seo-wordpress\/ -->\n<title>Casa Vemi - SB Arquitectos MX<\/title>\n<meta name=\"robots\" content=\"index, follow, max-snippet:-1, max-image-preview:large, max-video-preview:-1\" \/>\n<link rel=\"canonical\" href=\"https:\/\/sbarq.mx\/wordpress\/casa-vemi\/\" \/>\n<meta property=\"og:locale\" content=\"en_US\" \/>\n<meta property=\"og:type\" content=\"article\" \/>\n<meta property=\"og:title\" content=\"Casa Vemi - SB Arquitectos MX\" \/>\n<meta property=\"og:description\" content=\"Casa Vemi Proyecto residencial que integra estrategias de dise\u00f1o pasivo, aprovechamiento de luz natural y ventilaci\u00f3n cruzada para mejorar el confort t\u00e9rmico y reducir el consumo energ\u00e9tico.\u00a0 Ubicaci\u00f3n: Tlaquiltenango, Morelos, M\u00e9xico A\u00f1o: 2018 Terreno: 1,250 m2 Superficie: 537.00 m2\" \/>\n<meta property=\"og:url\" content=\"https:\/\/sbarq.mx\/wordpress\/casa-vemi\/\" \/>\n<meta property=\"og:site_name\" content=\"SB Arquitectos MX\" \/>\n<meta property=\"article:publisher\" content=\"https:\/\/www.facebook.com\/sbarqmx\" \/>\n<meta property=\"article:modified_time\" content=\"2026-04-01T21:51:33+00:00\" \/>\n<meta property=\"og:image\" content=\"https:\/\/sbarq.mx\/wordpress\/wp-content\/uploads\/2026\/03\/DSC04629-scaled.jpg\" \/>\n\t<meta property=\"og:image:width\" content=\"2560\" \/>\n\t<meta property=\"og:image:height\" content=\"1707\" \/>\n\t<meta property=\"og:image:type\" content=\"image\/jpeg\" \/>\n<meta name=\"twitter:card\" content=\"summary_large_image\" \/>\n<meta name=\"twitter:label1\" content=\"Est. reading time\" \/>\n\t<meta name=\"twitter:data1\" content=\"1 minute\" \/>\n<script type=\"application\/ld+json\" class=\"yoast-schema-graph\">{\"@context\":\"https:\/\/schema.org\",\"@graph\":[{\"@type\":\"WebPage\",\"@id\":\"https:\/\/sbarq.mx\/wordpress\/casa-vemi\/\",\"url\":\"https:\/\/sbarq.mx\/wordpress\/casa-vemi\/\",\"name\":\"Casa Vemi - SB Arquitectos MX\",\"isPartOf\":{\"@id\":\"https:\/\/sbarq.mx\/wordpress\/#website\"},\"primaryImageOfPage\":{\"@id\":\"https:\/\/sbarq.mx\/wordpress\/casa-vemi\/#primaryimage\"},\"image\":{\"@id\":\"https:\/\/sbarq.mx\/wordpress\/casa-vemi\/#primaryimage\"},\"thumbnailUrl\":\"https:\/\/sbarq.mx\/wordpress\/wp-content\/uploads\/2026\/03\/DSC04629-scaled.jpg\",\"datePublished\":\"2026-04-01T21:34:08+00:00\",\"dateModified\":\"2026-04-01T21:51:33+00:00\",\"breadcrumb\":{\"@id\":\"https:\/\/sbarq.mx\/wordpress\/casa-vemi\/#breadcrumb\"},\"inLanguage\":\"en-US\",\"potentialAction\":[{\"@type\":\"ReadAction\",\"target\":[\"https:\/\/sbarq.mx\/wordpress\/casa-vemi\/\"]}]},{\"@type\":\"ImageObject\",\"inLanguage\":\"en-US\",\"@id\":\"https:\/\/sbarq.mx\/wordpress\/casa-vemi\/#primaryimage\",\"url\":\"https:\/\/sbarq.mx\/wordpress\/wp-content\/uploads\/2026\/03\/DSC04629-scaled.jpg\",\"contentUrl\":\"https:\/\/sbarq.mx\/wordpress\/wp-content\/uploads\/2026\/03\/DSC04629-scaled.jpg\",\"width\":2560,\"height\":1707,\"caption\":\"Casa Vemi\"},{\"@type\":\"BreadcrumbList\",\"@id\":\"https:\/\/sbarq.mx\/wordpress\/casa-vemi\/#breadcrumb\",\"itemListElement\":[{\"@type\":\"ListItem\",\"position\":1,\"name\":\"Home\",\"item\":\"https:\/\/sbarq.mx\/wordpress\/\"},{\"@type\":\"ListItem\",\"position\":2,\"name\":\"Casa Vemi\"}]},{\"@type\":\"WebSite\",\"@id\":\"https:\/\/sbarq.mx\/wordpress\/#website\",\"url\":\"https:\/\/sbarq.mx\/wordpress\/\",\"name\":\"SB Arquitectos MX\",\"description\":\"Arquitectura, construcci\u00f3n, valuaci\u00f3n y desarrollo inmobiliario\",\"publisher\":{\"@id\":\"https:\/\/sbarq.mx\/wordpress\/#organization\"},\"potentialAction\":[{\"@type\":\"SearchAction\",\"target\":{\"@type\":\"EntryPoint\",\"urlTemplate\":\"https:\/\/sbarq.mx\/wordpress\/?s={search_term_string}\"},\"query-input\":{\"@type\":\"PropertyValueSpecification\",\"valueRequired\":true,\"valueName\":\"search_term_string\"}}],\"inLanguage\":\"en-US\"},{\"@type\":\"Organization\",\"@id\":\"https:\/\/sbarq.mx\/wordpress\/#organization\",\"name\":\"SB Arquitectos MX\",\"url\":\"https:\/\/sbarq.mx\/wordpress\/\",\"logo\":{\"@type\":\"ImageObject\",\"inLanguage\":\"en-US\",\"@id\":\"https:\/\/sbarq.mx\/wordpress\/#\/schema\/logo\/image\/\",\"url\":\"https:\/\/sbarq.mx\/wordpress\/wp-content\/uploads\/2026\/03\/logo.jpg\",\"contentUrl\":\"https:\/\/sbarq.mx\/wordpress\/wp-content\/uploads\/2026\/03\/logo.jpg\",\"width\":842,\"height\":595,\"caption\":\"SB Arquitectos MX\"},\"image\":{\"@id\":\"https:\/\/sbarq.mx\/wordpress\/#\/schema\/logo\/image\/\"},\"sameAs\":[\"https:\/\/www.facebook.com\/sbarqmx\",\"https:\/\/www.instagram.com\/sbarqmx\",\"https:\/\/mx.pinterest.com\/sbarqmx\/\"]}]}<\/script>\n<!-- \/ Yoast SEO plugin. -->","yoast_head_json":{"title":"Casa Vemi - SB Arquitectos MX","robots":{"index":"index","follow":"follow","max-snippet":"max-snippet:-1","max-image-preview":"max-image-preview:large","max-video-preview":"max-video-preview:-1"},"canonical":"https:\/\/sbarq.mx\/wordpress\/casa-vemi\/","og_locale":"en_US","og_type":"article","og_title":"Casa Vemi - SB Arquitectos MX","og_description":"Casa Vemi Proyecto residencial que integra estrategias de dise\u00f1o pasivo, aprovechamiento de luz natural y ventilaci\u00f3n cruzada para mejorar el confort t\u00e9rmico y reducir el consumo energ\u00e9tico.\u00a0 Ubicaci\u00f3n: Tlaquiltenango, Morelos, M\u00e9xico A\u00f1o: 2018 Terreno: 1,250 m2 Superficie: 537.00 m2","og_url":"https:\/\/sbarq.mx\/wordpress\/casa-vemi\/","og_site_name":"SB Arquitectos MX","article_publisher":"https:\/\/www.facebook.com\/sbarqmx","article_modified_time":"2026-04-01T21:51:33+00:00","og_image":[{"width":2560,"height":1707,"url":"https:\/\/sbarq.mx\/wordpress\/wp-content\/uploads\/2026\/03\/DSC04629-scaled.jpg","type":"image\/jpeg"}],"twitter_card":"summary_large_image","twitter_misc":{"Est. reading time":"1 minute"},"schema":{"@context":"https:\/\/schema.org","@graph":[{"@type":"WebPage","@id":"https:\/\/sbarq.mx\/wordpress\/casa-vemi\/","url":"https:\/\/sbarq.mx\/wordpress\/casa-vemi\/","name":"Casa Vemi - SB Arquitectos MX","isPartOf":{"@id":"https:\/\/sbarq.mx\/wordpress\/#website"},"primaryImageOfPage":{"@id":"https:\/\/sbarq.mx\/wordpress\/casa-vemi\/#primaryimage"},"image":{"@id":"https:\/\/sbarq.mx\/wordpress\/casa-vemi\/#primaryimage"},"thumbnailUrl":"https:\/\/sbarq.mx\/wordpress\/wp-content\/uploads\/2026\/03\/DSC04629-scaled.jpg","datePublished":"2026-04-01T21:34:08+00:00","dateModified":"2026-04-01T21:51:33+00:00","breadcrumb":{"@id":"https:\/\/sbarq.mx\/wordpress\/casa-vemi\/#breadcrumb"},"inLanguage":"en-US","potentialAction":[{"@type":"ReadAction","target":["https:\/\/sbarq.mx\/wordpress\/casa-vemi\/"]}]},{"@type":"ImageObject","inLanguage":"en-US","@id":"https:\/\/sbarq.mx\/wordpress\/casa-vemi\/#primaryimage","url":"https:\/\/sbarq.mx\/wordpress\/wp-content\/uploads\/2026\/03\/DSC04629-scaled.jpg","contentUrl":"https:\/\/sbarq.mx\/wordpress\/wp-content\/uploads\/2026\/03\/DSC04629-scaled.jpg","width":2560,"height":1707,"caption":"Casa Vemi"},{"@type":"BreadcrumbList","@id":"https:\/\/sbarq.mx\/wordpress\/casa-vemi\/#breadcrumb","itemListElement":[{"@type":"ListItem","position":1,"name":"Home","item":"https:\/\/sbarq.mx\/wordpress\/"},{"@type":"ListItem","position":2,"name":"Casa Vemi"}]},{"@type":"WebSite","@id":"https:\/\/sbarq.mx\/wordpress\/#website","url":"https:\/\/sbarq.mx\/wordpress\/","name":"SB Arquitectos MX","description":"Arquitectura, construcci\u00f3n, valuaci\u00f3n y desarrollo inmobiliario","publisher":{"@id":"https:\/\/sbarq.mx\/wordpress\/#organization"},"potentialAction":[{"@type":"SearchAction","target":{"@type":"EntryPoint","urlTemplate":"https:\/\/sbarq.mx\/wordpress\/?s={search_term_string}"},"query-input":{"@type":"PropertyValueSpecification","valueRequired":true,"valueName":"search_term_string"}}],"inLanguage":"en-US"},{"@type":"Organization","@id":"https:\/\/sbarq.mx\/wordpress\/#organization","name":"SB Arquitectos MX","url":"https:\/\/sbarq.mx\/wordpress\/","logo":{"@type":"ImageObject","inLanguage":"en-US","@id":"https:\/\/sbarq.mx\/wordpress\/#\/schema\/logo\/image\/","url":"https:\/\/sbarq.mx\/wordpress\/wp-content\/uploads\/2026\/03\/logo.jpg","contentUrl":"https:\/\/sbarq.mx\/wordpress\/wp-content\/uploads\/2026\/03\/logo.jpg","width":842,"height":595,"caption":"SB Arquitectos MX"},"image":{"@id":"https:\/\/sbarq.mx\/wordpress\/#\/schema\/logo\/image\/"},"sameAs":["https:\/\/www.facebook.com\/sbarqmx","https:\/\/www.instagram.com\/sbarqmx","https:\/\/mx.pinterest.com\/sbarqmx\/"]}]}},"_links":{"self":[{"href":"https:\/\/sbarq.mx\/wordpress\/wp-json\/wp\/v2\/pages\/1708","targetHints":{"allow":["GET"]}}],"collection":[{"href":"https:\/\/sbarq.mx\/wordpress\/wp-json\/wp\/v2\/pages"}],"about":[{"href":"https:\/\/sbarq.mx\/wordpress\/wp-json\/wp\/v2\/types\/page"}],"author":[{"embeddable":true,"href":"https:\/\/sbarq.mx\/wordpress\/wp-json\/wp\/v2\/users\/1"}],"replies":[{"embeddable":true,"href":"https:\/\/sbarq.mx\/wordpress\/wp-json\/wp\/v2\/comments?post=1708"}],"version-history":[{"count":11,"href":"https:\/\/sbarq.mx\/wordpress\/wp-json\/wp\/v2\/pages\/1708\/revisions"}],"predecessor-version":[{"id":1721,"href":"https:\/\/sbarq.mx\/wordpress\/wp-json\/wp\/v2\/pages\/1708\/revisions\/1721"}],"wp:featuredmedia":[{"embeddable":true,"href":"https:\/\/sbarq.mx\/wordpress\/wp-json\/wp\/v2\/media\/1597"}],"wp:attachment":[{"href":"https:\/\/sbarq.mx\/wordpress\/wp-json\/wp\/v2\/media?parent=1708"}],"curies":[{"name":"wp","href":"https:\/\/api.w.org\/{rel}","templated":true}]}}